{"id":74606,"date":"2019-05-13T11:35:51","date_gmt":"2019-05-13T09:35:51","guid":{"rendered":"https:\/\/www.refsas.com\/?page_id=74606"},"modified":"2019-05-13T13:29:04","modified_gmt":"2019-05-13T11:29:04","slug":"legal-notice","status":"publish","type":"page","link":"https:\/\/www.refsas.com\/en\/legal-notice\/","title":{"rendered":"Legal Notice"},"content":{"rendered":"<div class=\"wpb-content-wrapper\"><p>[vc_row row_height_percent=&#8221;0&#8243; override_padding=&#8221;yes&#8221; h_padding=&#8221;2&#8243; top_padding=&#8221;0&#8243; bottom_padding=&#8221;0&#8243; overlay_alpha=&#8221;50&#8243; gutter_size=&#8221;3&#8243; column_width_percent=&#8221;100&#8243; shift_y=&#8221;0&#8243; z_index=&#8221;0&#8243;][vc_column column_width_percent=&#8221;100&#8243; override_padding=&#8221;yes&#8221; column_padding=&#8221;3&#8243; back_color=&#8221;color-xsdn&#8221; overlay_alpha=&#8221;50&#8243; gutter_size=&#8221;3&#8243; medium_width=&#8221;0&#8243; mobile_width=&#8221;0&#8243; shift_x=&#8221;0&#8243; shift_y=&#8221;-4&#8243; shift_y_fixed=&#8221;yes&#8221; shift_y_down=&#8221;0&#8243; z_index=&#8221;0&#8243; width=&#8221;1\/1&#8243;][vc_row_inner row_inner_height_percent=&#8221;0&#8243; overlay_alpha=&#8221;50&#8243; equal_height=&#8221;yes&#8221; gutter_size=&#8221;0&#8243; shift_y=&#8221;0&#8243;][vc_column_inner column_width_percent=&#8221;100&#8243; position_vertical=&#8221;middle&#8221; align_horizontal=&#8221;align_right&#8221; override_padding=&#8221;yes&#8221; column_padding=&#8221;2&#8243; gutter_size=&#8221;3&#8243; overlay_alpha=&#8221;50&#8243; border_color=&#8221;color-gyho&#8221; border_style=&#8221;solid&#8221; medium_width=&#8221;2&#8243; align_mobile=&#8221;align_center_mobile&#8221; mobile_width=&#8221;0&#8243; shift_x=&#8221;0&#8243; shift_y=&#8221;0&#8243; shift_y_down=&#8221;0&#8243; z_index=&#8221;0&#8243; width=&#8221;3\/12&#8243; css=&#8221;.vc_custom_1550588745751{border-right-width: 1px !important;padding-top: 0px !important;padding-bottom: 0px !important;}&#8221;][vc_single_image media=&#8221;73247&#8243; media_width_percent=&#8221;20&#8243; alignment=&#8221;center&#8221; advanced=&#8221;yes&#8221; media_overlay_opacity=&#8221;50&#8243; media_text_anim=&#8221;no&#8221; media_overlay_anim=&#8221;no&#8221; media_padding=&#8221;0&#8243;][\/vc_column_inner][vc_column_inner column_width_percent=&#8221;100&#8243; position_vertical=&#8221;middle&#8221; override_padding=&#8221;yes&#8221; column_padding=&#8221;2&#8243; gutter_size=&#8221;3&#8243; overlay_alpha=&#8221;50&#8243; medium_width=&#8221;6&#8243; align_mobile=&#8221;align_center_mobile&#8221; mobile_width=&#8221;0&#8243; shift_x=&#8221;0&#8243; shift_y=&#8221;0&#8243; shift_y_down=&#8221;0&#8243; z_index=&#8221;0&#8243; width=&#8221;9\/12&#8243;][vc_custom_heading heading_semantic=&#8221;h1&#8243; text_weight=&#8221;200&#8243; text_italic=&#8221;yes&#8221;]<span class=\"font-555555\">Legal Notice<\/span>[\/vc_custom_heading][\/vc_column_inner][\/vc_row_inner][\/vc_column][\/vc_row][vc_row][vc_column width=&#8221;1\/1&#8243;][vc_column_text]<\/p>\n<h2>Qui sommes-nous<\/h2>\n<p>Le site www.refsas.com est \u00e9dit\u00e9 par :<\/p>\n<p>Soci\u00e9t\u00e9 SAS, fours et r\u00e9fractaires<\/p>\n<p>92 \u00e0 96, rue Paul Lescop<\/p>\n<p>92000 Nanterre<\/p>\n<p>FRANCE<\/p>\n<p>T\u00e9l : 01.47.21.13.17<\/p>\n<h2>Directeur de la publication<\/h2>\n<p>Le directeur de la publication est\u00a0\u00a0<strong>Xavier Garreau<\/strong>.<\/p>\n<h2>H\u00e9bergement<\/h2>\n<p>Le site internet refsas.com est h\u00e9berg\u00e9 par la soci\u00e9t\u00e9 OVH,\u00a02 rue Kellermann &#8211; 59100 Roubaix &#8211; France<\/p>\n<h2>Cookies<\/h2>\n<p>Le site refsas.com utilise des cookies \u00e0 des fins de simplification de votre navigation et d&#8217;analyse de trafic. Vous pouvez supprimer ces cookies \u00e0 tout moment depuisles param\u00e8tres de votre navigateur.<\/p>\n<h2>Protection des donn\u00e9es<\/h2>\n<p>Les informations recueillies vous concernant font l\u2019objet d\u2019un traitement destin\u00e9 \u00e0 SAS FOURS ET REFRACTAIRES pour la finalit\u00e9 suivante : Contact clients\/prospects.<\/p>\n<p>La dur\u00e9e de conservation des donn\u00e9es est de 2 ans. Vous b\u00e9n\u00e9ficiez d\u2019un droit d\u2019acc\u00e8s, de rectification, de portabilit\u00e9, d\u2019effacement de celles-ci ou une limitation du traitement. Vous pouvez vous opposer au traitement des donn\u00e9es vous concernant et disposez du droit de retirer votre consentement \u00e0 tout moment en vous adressant \u00e0 : v.garreau@refsas.com[\/vc_column_text][\/vc_column][\/vc_row]<\/p>\n<\/div>","protected":false},"excerpt":{"rendered":"<p>[vc_row row_height_percent=&#8221;0&#8243; override_padding=&#8221;yes&#8221; h_padding=&#8221;2&#8243; top_padding=&#8221;0&#8243; bottom_padding=&#8221;0&#8243; overlay_alpha=&#8221;50&#8243; gutter_size=&#8221;3&#8243; column_width_percent=&#8221;100&#8243; shift_y=&#8221;0&#8243; z_index=&#8221;0&#8243;][vc_column column_width_percent=&#8221;100&#8243; override_padding=&#8221;yes&#8221; column_padding=&#8221;3&#8243; back_color=&#8221;color-xsdn&#8221; overlay_alpha=&#8221;50&#8243; gutter_size=&#8221;3&#8243; medium_width=&#8221;0&#8243; mobile_width=&#8221;0&#8243; shift_x=&#8221;0&#8243; [&hellip;]<\/p>\n","protected":false},"author":2,"featured_media":0,"parent":0,"menu_order":0,"comment_status":"closed","ping_status":"closed","template":"","meta":{"footnotes":""},"class_list":["post-74606","page","type-page","status-publish","hentry"],"yoast_head":"<!-- This site is optimized with the Yoast SEO plugin v27.4 - https:\/\/yoast.com\/product\/yoast-seo-wordpress\/ -->\n<title>Legal Notice - SAS Fours et r\u00e9fractaires<\/title>\n<meta name=\"robots\" content=\"index, follow, max-snippet:-1, max-image-preview:large, max-video-preview:-1\" \/>\n<link rel=\"canonical\" href=\"https:\/\/www.refsas.com\/en\/mentions-legales-refsas\/\" \/>\n<meta property=\"og:locale\" content=\"en_US\" \/>\n<meta property=\"og:type\" content=\"article\" \/>\n<meta property=\"og:title\" content=\"Legal Notice - SAS Fours et r\u00e9fractaires\" \/>\n<meta property=\"og:description\" content=\"[vc_row row_height_percent=&#8221;0&#8243; override_padding=&#8221;yes&#8221; h_padding=&#8221;2&#8243; top_padding=&#8221;0&#8243; bottom_padding=&#8221;0&#8243; overlay_alpha=&#8221;50&#8243; gutter_size=&#8221;3&#8243; column_width_percent=&#8221;100&#8243; shift_y=&#8221;0&#8243; z_index=&#8221;0&#8243;][vc_column column_width_percent=&#8221;100&#8243; override_padding=&#8221;yes&#8221; column_padding=&#8221;3&#8243; back_color=&#8221;color-xsdn&#8221; overlay_alpha=&#8221;50&#8243; gutter_size=&#8221;3&#8243; medium_width=&#8221;0&#8243; mobile_width=&#8221;0&#8243; shift_x=&#8221;0&#8243; [&hellip;]\" \/>\n<meta property=\"og:url\" content=\"https:\/\/www.refsas.com\/mentions-legales-refsas\/\" \/>\n<meta property=\"og:site_name\" content=\"SAS Fours et r\u00e9fractaires\" \/>\n<meta property=\"article:modified_time\" content=\"2019-05-13T11:29:04+00:00\" \/>\n<meta name=\"twitter:card\" content=\"summary_large_image\" \/>\n<meta name=\"twitter:label1\" content=\"Est. reading time\" \/>\n\t<meta name=\"twitter:data1\" content=\"2 minutes\" \/>\n<script type=\"application\/ld+json\" class=\"yoast-schema-graph\">{\"@context\":\"https:\\\/\\\/schema.org\",\"@graph\":[{\"@type\":\"WebPage\",\"@id\":\"https:\\\/\\\/www.refsas.com\\\/mentions-legales-refsas\\\/\",\"url\":\"https:\\\/\\\/www.refsas.com\\\/mentions-legales-refsas\\\/\",\"name\":\"Legal Notice - SAS Fours et r\u00e9fractaires\",\"isPartOf\":{\"@id\":\"https:\\\/\\\/www.refsas.com\\\/#website\"},\"datePublished\":\"2019-05-13T09:35:51+00:00\",\"dateModified\":\"2019-05-13T11:29:04+00:00\",\"breadcrumb\":{\"@id\":\"https:\\\/\\\/www.refsas.com\\\/mentions-legales-refsas\\\/#breadcrumb\"},\"inLanguage\":\"en-US\",\"potentialAction\":[{\"@type\":\"ReadAction\",\"target\":[\"https:\\\/\\\/www.refsas.com\\\/mentions-legales-refsas\\\/\"]}]},{\"@type\":\"BreadcrumbList\",\"@id\":\"https:\\\/\\\/www.refsas.com\\\/mentions-legales-refsas\\\/#breadcrumb\",\"itemListElement\":[{\"@type\":\"ListItem\",\"position\":1,\"name\":\"Accueil\",\"item\":\"https:\\\/\\\/www.refsas.com\\\/en\\\/\"},{\"@type\":\"ListItem\",\"position\":2,\"name\":\"Legal Notice\"}]},{\"@type\":\"WebSite\",\"@id\":\"https:\\\/\\\/www.refsas.com\\\/#website\",\"url\":\"https:\\\/\\\/www.refsas.com\\\/\",\"name\":\"SAS Fours et r\u00e9fractaires\",\"description\":\"Architectes du chaud sur mesure\",\"publisher\":{\"@id\":\"https:\\\/\\\/www.refsas.com\\\/#organization\"},\"potentialAction\":[{\"@type\":\"SearchAction\",\"target\":{\"@type\":\"EntryPoint\",\"urlTemplate\":\"https:\\\/\\\/www.refsas.com\\\/?s={search_term_string}\"},\"query-input\":{\"@type\":\"PropertyValueSpecification\",\"valueRequired\":true,\"valueName\":\"search_term_string\"}}],\"inLanguage\":\"en-US\"},{\"@type\":\"Organization\",\"@id\":\"https:\\\/\\\/www.refsas.com\\\/#organization\",\"name\":\"REFSAS Fours et R\u00e9fractaires\",\"url\":\"https:\\\/\\\/www.refsas.com\\\/\",\"logo\":{\"@type\":\"ImageObject\",\"inLanguage\":\"en-US\",\"@id\":\"https:\\\/\\\/www.refsas.com\\\/#\\\/schema\\\/logo\\\/image\\\/\",\"url\":\"https:\\\/\\\/www.refsas.com\\\/wp-content\\\/uploads\\\/2019\\\/02\\\/logo.png\",\"contentUrl\":\"https:\\\/\\\/www.refsas.com\\\/wp-content\\\/uploads\\\/2019\\\/02\\\/logo.png\",\"width\":230,\"height\":150,\"caption\":\"REFSAS Fours et R\u00e9fractaires\"},\"image\":{\"@id\":\"https:\\\/\\\/www.refsas.com\\\/#\\\/schema\\\/logo\\\/image\\\/\"}}]}<\/script>\n<!-- \/ Yoast SEO plugin. -->","yoast_head_json":{"title":"Legal Notice - SAS Fours et r\u00e9fractaires","robots":{"index":"index","follow":"follow","max-snippet":"max-snippet:-1","max-image-preview":"max-image-preview:large","max-video-preview":"max-video-preview:-1"},"canonical":"https:\/\/www.refsas.com\/en\/mentions-legales-refsas\/","og_locale":"en_US","og_type":"article","og_title":"Legal Notice - SAS Fours et r\u00e9fractaires","og_description":"[vc_row row_height_percent=&#8221;0&#8243; override_padding=&#8221;yes&#8221; h_padding=&#8221;2&#8243; top_padding=&#8221;0&#8243; bottom_padding=&#8221;0&#8243; overlay_alpha=&#8221;50&#8243; gutter_size=&#8221;3&#8243; column_width_percent=&#8221;100&#8243; shift_y=&#8221;0&#8243; z_index=&#8221;0&#8243;][vc_column column_width_percent=&#8221;100&#8243; override_padding=&#8221;yes&#8221; column_padding=&#8221;3&#8243; back_color=&#8221;color-xsdn&#8221; overlay_alpha=&#8221;50&#8243; gutter_size=&#8221;3&#8243; medium_width=&#8221;0&#8243; mobile_width=&#8221;0&#8243; shift_x=&#8221;0&#8243; [&hellip;]","og_url":"https:\/\/www.refsas.com\/mentions-legales-refsas\/","og_site_name":"SAS Fours et r\u00e9fractaires","article_modified_time":"2019-05-13T11:29:04+00:00","twitter_card":"summary_large_image","twitter_misc":{"Est. reading time":"2 minutes"},"schema":{"@context":"https:\/\/schema.org","@graph":[{"@type":"WebPage","@id":"https:\/\/www.refsas.com\/mentions-legales-refsas\/","url":"https:\/\/www.refsas.com\/mentions-legales-refsas\/","name":"Legal Notice - SAS Fours et r\u00e9fractaires","isPartOf":{"@id":"https:\/\/www.refsas.com\/#website"},"datePublished":"2019-05-13T09:35:51+00:00","dateModified":"2019-05-13T11:29:04+00:00","breadcrumb":{"@id":"https:\/\/www.refsas.com\/mentions-legales-refsas\/#breadcrumb"},"inLanguage":"en-US","potentialAction":[{"@type":"ReadAction","target":["https:\/\/www.refsas.com\/mentions-legales-refsas\/"]}]},{"@type":"BreadcrumbList","@id":"https:\/\/www.refsas.com\/mentions-legales-refsas\/#breadcrumb","itemListElement":[{"@type":"ListItem","position":1,"name":"Accueil","item":"https:\/\/www.refsas.com\/en\/"},{"@type":"ListItem","position":2,"name":"Legal Notice"}]},{"@type":"WebSite","@id":"https:\/\/www.refsas.com\/#website","url":"https:\/\/www.refsas.com\/","name":"SAS Fours et r\u00e9fractaires","description":"Architectes du chaud sur mesure","publisher":{"@id":"https:\/\/www.refsas.com\/#organization"},"potentialAction":[{"@type":"SearchAction","target":{"@type":"EntryPoint","urlTemplate":"https:\/\/www.refsas.com\/?s={search_term_string}"},"query-input":{"@type":"PropertyValueSpecification","valueRequired":true,"valueName":"search_term_string"}}],"inLanguage":"en-US"},{"@type":"Organization","@id":"https:\/\/www.refsas.com\/#organization","name":"REFSAS Fours et R\u00e9fractaires","url":"https:\/\/www.refsas.com\/","logo":{"@type":"ImageObject","inLanguage":"en-US","@id":"https:\/\/www.refsas.com\/#\/schema\/logo\/image\/","url":"https:\/\/www.refsas.com\/wp-content\/uploads\/2019\/02\/logo.png","contentUrl":"https:\/\/www.refsas.com\/wp-content\/uploads\/2019\/02\/logo.png","width":230,"height":150,"caption":"REFSAS Fours et R\u00e9fractaires"},"image":{"@id":"https:\/\/www.refsas.com\/#\/schema\/logo\/image\/"}}]}},"_links":{"self":[{"href":"https:\/\/www.refsas.com\/en\/wp-json\/wp\/v2\/pages\/74606\/"}],"collection":[{"href":"https:\/\/www.refsas.com\/en\/wp-json\/wp\/v2\/pages\/"}],"about":[{"href":"https:\/\/www.refsas.com\/en\/wp-json\/wp\/v2\/types\/page\/"}],"author":[{"embeddable":true,"href":"https:\/\/www.refsas.com\/en\/wp-json\/wp\/v2\/users\/2\/"}],"replies":[{"embeddable":true,"href":"https:\/\/www.refsas.com\/en\/wp-json\/wp\/v2\/comments\/?post=74606"}],"version-history":[{"count":9,"href":"https:\/\/www.refsas.com\/en\/wp-json\/wp\/v2\/pages\/74606\/revisions\/"}],"predecessor-version":[{"id":74617,"href":"https:\/\/www.refsas.com\/en\/wp-json\/wp\/v2\/pages\/74606\/revisions\/74617\/"}],"wp:attachment":[{"href":"https:\/\/www.refsas.com\/en\/wp-json\/wp\/v2\/media\/?parent=74606"}],"curies":[{"name":"wp","href":"https:\/\/api.w.org\/{rel}","templated":true}]}}